{"id":1121,"date":"2023-01-03T09:33:09","date_gmt":"2023-01-03T08:33:09","guid":{"rendered":"https:\/\/aguacateymango.es\/politica-privacidad\/"},"modified":"2023-12-11T18:27:12","modified_gmt":"2023-12-11T17:27:12","slug":"privacy-policy","status":"publish","type":"page","link":"https:\/\/aguacateymango.es\/en\/privacy-policy\/","title":{"rendered":"Privacy Policy"},"content":{"rendered":"<section class=\"l-section wpb_row height_medium\"><div class=\"l-section-h i-cf\"><div class=\"g-cols vc_row via_grid cols_1 laptops-cols_inherit tablets-cols_inherit mobiles-cols_1 valign_top type_default stacking_default\"><div class=\"wpb_column vc_column_container\"><div class=\"vc_column-inner\"><div class=\"wpb_text_column\"><div class=\"wpb_wrapper\"><h2 class=\"wp-block-heading\"><span style=\"font-weight: 400;\">Legal notice and privacy<\/span><\/h2>\n<p><span style=\"font-weight: 400;\">This website is the property of Mar\u00eda Pilar S\u00e1nchez Mart\u00ednez and is purely informative about the services she provides in branding, brand strategy, creativity, graphic design, digital design and events. Accessing this website implies knowledge and acceptance of the following terms and conditions of use. <\/span><\/p>\n<p><strong>1. Ownership of the website<br \/><\/strong><span style=\"font-weight: 400;\">The domain name eventsandmore.es is registered in the name of Mar\u00eda Pilar S\u00e1nchez Mart\u00ednez with 47087692E and registered address at Paseo de la libertad 15 5\u00ba-3 02001 Albacete Contact telephone +34 615302839 email address hola@aguacateymango.es<\/span><\/p>\n<p><strong>2. Intellectual property of the website<br \/><\/strong><\/p>\n<p class=\"p1\">All intellectual property rights of the content of this website and its graphic design are the exclusive property of Mar\u00eda Pilar S\u00e1nchez Mart\u00ednez, who has exclusive rights to exploit them. Thus, their reproduction, distribution, public communication and modification, in whole or in part, without the prior explicit authorisation of Mar\u00eda Pilar S\u00e1nchez Mart\u00ednez is prohibited. Likewise, all distinctive signs, trademarks, trade names or signs of any kind contained in this website are protected by law<span style=\"font-weight: 400;\">.<\/span><\/p>\n<p><strong>3. Content of the website and links<br \/><\/strong>Mar\u00eda Pilar S\u00e1nchez Mart\u00ednez is not responsible for the misuse of the contents of its website, being the sole responsibility of the person who accesses or uses them. Neither does it assume any responsibility for the information contained in the websites of third parties which may be accessed through links from the website. The presence of these links is for information purposes only, and in no case constitutes an invitation to contract products or services that may be offered on the destination website. In the event that Mar\u00eda Pilar S\u00e1nchez Mart\u00ednez has effective knowledge that the activity or information to which these links refer is unlawful, constitutes a crime or may damage property or rights of third parties liable for compensation, she will act with the necessary diligence to remove or disable the corresponding link as soon as possible.<\/p>\n<p><strong>4. Sharing or distribution of information<br \/><\/strong><span style=\"font-weight: 400;\">Mar\u00eda Pilar S\u00e1nchez Mart\u00ednez declines all responsibility derived from the exchange of information between users through her website. In particular, we are not responsible for the use that minors may make of it in the event that the contents to which they have access may offend their sensibilities.<\/span><\/p>\n<p><strong>5. Updating and modification of the website<br \/><\/strong><span style=\"font-weight: 400;\">Mar\u00eda Pilar S\u00e1nchez Mart\u00ednez reserves the right to update, modify or delete the information contained on its website, and its configuration or presentation, at any time, without prior notice and without assuming any responsibility for doing so.<\/span><\/p>\n<p><strong>6. Indications on technical aspects<br \/><\/strong><span style=\"font-weight: 400;\">Mar\u00eda Pilar S\u00e1nchez Mart\u00ednez does not assume any responsibility derived from technical problems or failures in the computer equipment, which may occur during the connection to the Internet, or which may be caused by third parties through illegitimate intromissions beyond her control. Mar\u00eda Pilar S\u00e1nchez Mart\u00ednez does not guarantee the absence of viruses or other elements that may cause damage to the computer systems, electronic documents or user files of this website or the websites of third parties, and accepts no responsibility for any damages that may be caused for these reasons. Likewise, it accepts no liability for possible damages that may affect the user as a result of errors, defects or omissions in the information it provides when it comes from third party sources.<\/span><\/p>\n<p><strong>7. Processing of user data<br \/><\/strong><span style=\"font-weight: 400;\">When users provide their personal data using our contact forms or e-mails, they are expressly authorising Mar\u00eda Pilar S\u00e1nchez Mart\u00ednez to automatically process their personal data in order to attend to their requests for services. Mar\u00eda Pilar S\u00e1nchez Mart\u00ednez will include the data provided by the user in a file owned by Mar\u00eda Pilar S\u00e1nchez Mart\u00ednez which will have all the necessary security measures required by current legislation on Data Protection. Mar\u00eda Pilar S\u00e1nchez Mart\u00ednez will not transfer or communicate the data collected to third parties without the prior express consent of the user, except in the event that the communication is necessary to provide the service that the user has requested. The user may exercise their rights of access, rectification, cancellation and opposition by writing to Mar\u00eda Pilar S\u00e1nchez Mart\u00ednez, Data Manager, located at Paseo de la Libertad 15, 5\u00ba3\u00aa 02001 Albacete.<\/span><\/p>\n<p><strong>8. Use of cookies<br \/><\/strong><span style=\"font-weight: 400;\">This website may use cookies. The user has the possibility of preventing the generation of cookies by selecting the corresponding menu option in their browser software, although if they choose to deactivate the use of cookies it is possible that the functioning of this website may be affected.<\/span><\/p>\n<p><strong>9. Applicable law and jurisdiction<\/strong><br \/><span style=\"font-weight: 400;\">Applicable legislation and jurisdiction. In general, relations with users, derived from the provision of services contained in this website, are subject to Spanish legislation and jurisdiction. Users of this website are aware of all of the above and accept it voluntarily.<\/span><\/p>\n<\/div><\/div><\/div><\/div><\/div><\/div><\/section>","protected":false},"excerpt":{"rendered":"Legal notice and privacy This website is the property of Mar\u00eda Pilar S\u00e1nchez Mart\u00ednez and is purely informative about the services she provides in branding, brand strategy, creativity, graphic design, digital design and events. Accessing this website implies knowledge and acceptance of the following terms and conditions of use. 1. Ownership of the websiteThe domain...","protected":false},"author":1,"featured_media":0,"parent":0,"menu_order":0,"comment_status":"closed","ping_status":"open","template":"","meta":{"footnotes":""},"class_list":["post-1121","page","type-page","status-publish","hentry"],"yoast_head":"<!-- This site is optimized with the Yoast SEO plugin v27.5 - https:\/\/yoast.com\/product\/yoast-seo-wordpress\/ -->\n<title>Privacy Policy - aguacate y mango<\/title>\n<meta name=\"robots\" content=\"index, follow, max-snippet:-1, max-image-preview:large, max-video-preview:-1\" \/>\n<link rel=\"canonical\" href=\"https:\/\/aguacateymango.es\/en\/privacy-policy\/\" \/>\n<meta property=\"og:locale\" content=\"en_US\" \/>\n<meta property=\"og:type\" content=\"article\" \/>\n<meta property=\"og:title\" content=\"Privacy Policy - aguacate y mango\" \/>\n<meta property=\"og:url\" content=\"https:\/\/aguacateymango.es\/en\/privacy-policy\/\" \/>\n<meta property=\"og:site_name\" content=\"aguacate y mango\" \/>\n<meta property=\"article:modified_time\" content=\"2023-12-11T17:27:12+00:00\" \/>\n<meta name=\"twitter:card\" content=\"summary_large_image\" \/>\n<meta name=\"twitter:label1\" content=\"Est. reading time\" \/>\n\t<meta name=\"twitter:data1\" content=\"4 minutes\" \/>\n<script type=\"application\/ld+json\" class=\"yoast-schema-graph\">{\"@context\":\"https:\\\/\\\/schema.org\",\"@graph\":[{\"@type\":\"WebPage\",\"@id\":\"https:\\\/\\\/aguacateymango.es\\\/en\\\/privacy-policy\\\/\",\"url\":\"https:\\\/\\\/aguacateymango.es\\\/en\\\/privacy-policy\\\/\",\"name\":\"Privacy Policy - aguacate y mango\",\"isPartOf\":{\"@id\":\"https:\\\/\\\/aguacateymango.es\\\/#website\"},\"datePublished\":\"2023-01-03T08:33:09+00:00\",\"dateModified\":\"2023-12-11T17:27:12+00:00\",\"breadcrumb\":{\"@id\":\"https:\\\/\\\/aguacateymango.es\\\/en\\\/privacy-policy\\\/#breadcrumb\"},\"inLanguage\":\"en-US\",\"potentialAction\":[{\"@type\":\"ReadAction\",\"target\":[\"https:\\\/\\\/aguacateymango.es\\\/en\\\/privacy-policy\\\/\"]}]},{\"@type\":\"BreadcrumbList\",\"@id\":\"https:\\\/\\\/aguacateymango.es\\\/en\\\/privacy-policy\\\/#breadcrumb\",\"itemListElement\":[{\"@type\":\"ListItem\",\"position\":1,\"name\":\"Portada\",\"item\":\"https:\\\/\\\/aguacateymango.es\\\/en\\\/\"},{\"@type\":\"ListItem\",\"position\":2,\"name\":\"Privacy Policy\"}]},{\"@type\":\"WebSite\",\"@id\":\"https:\\\/\\\/aguacateymango.es\\\/#website\",\"url\":\"https:\\\/\\\/aguacateymango.es\\\/\",\"name\":\"aguacate y mango\",\"description\":\"\",\"potentialAction\":[{\"@type\":\"SearchAction\",\"target\":{\"@type\":\"EntryPoint\",\"urlTemplate\":\"https:\\\/\\\/aguacateymango.es\\\/?s={search_term_string}\"},\"query-input\":{\"@type\":\"PropertyValueSpecification\",\"valueRequired\":true,\"valueName\":\"search_term_string\"}}],\"inLanguage\":\"en-US\"}]}<\/script>\n<!-- \/ Yoast SEO plugin. -->","yoast_head_json":{"title":"Privacy Policy - aguacate y mango","robots":{"index":"index","follow":"follow","max-snippet":"max-snippet:-1","max-image-preview":"max-image-preview:large","max-video-preview":"max-video-preview:-1"},"canonical":"https:\/\/aguacateymango.es\/en\/privacy-policy\/","og_locale":"en_US","og_type":"article","og_title":"Privacy Policy - aguacate y mango","og_url":"https:\/\/aguacateymango.es\/en\/privacy-policy\/","og_site_name":"aguacate y mango","article_modified_time":"2023-12-11T17:27:12+00:00","twitter_card":"summary_large_image","twitter_misc":{"Est. reading time":"4 minutes"},"schema":{"@context":"https:\/\/schema.org","@graph":[{"@type":"WebPage","@id":"https:\/\/aguacateymango.es\/en\/privacy-policy\/","url":"https:\/\/aguacateymango.es\/en\/privacy-policy\/","name":"Privacy Policy - aguacate y mango","isPartOf":{"@id":"https:\/\/aguacateymango.es\/#website"},"datePublished":"2023-01-03T08:33:09+00:00","dateModified":"2023-12-11T17:27:12+00:00","breadcrumb":{"@id":"https:\/\/aguacateymango.es\/en\/privacy-policy\/#breadcrumb"},"inLanguage":"en-US","potentialAction":[{"@type":"ReadAction","target":["https:\/\/aguacateymango.es\/en\/privacy-policy\/"]}]},{"@type":"BreadcrumbList","@id":"https:\/\/aguacateymango.es\/en\/privacy-policy\/#breadcrumb","itemListElement":[{"@type":"ListItem","position":1,"name":"Portada","item":"https:\/\/aguacateymango.es\/en\/"},{"@type":"ListItem","position":2,"name":"Privacy Policy"}]},{"@type":"WebSite","@id":"https:\/\/aguacateymango.es\/#website","url":"https:\/\/aguacateymango.es\/","name":"aguacate y mango","description":"","potentialAction":[{"@type":"SearchAction","target":{"@type":"EntryPoint","urlTemplate":"https:\/\/aguacateymango.es\/?s={search_term_string}"},"query-input":{"@type":"PropertyValueSpecification","valueRequired":true,"valueName":"search_term_string"}}],"inLanguage":"en-US"}]}},"_links":{"self":[{"href":"https:\/\/aguacateymango.es\/en\/wp-json\/wp\/v2\/pages\/1121","targetHints":{"allow":["GET"]}}],"collection":[{"href":"https:\/\/aguacateymango.es\/en\/wp-json\/wp\/v2\/pages"}],"about":[{"href":"https:\/\/aguacateymango.es\/en\/wp-json\/wp\/v2\/types\/page"}],"author":[{"embeddable":true,"href":"https:\/\/aguacateymango.es\/en\/wp-json\/wp\/v2\/users\/1"}],"replies":[{"embeddable":true,"href":"https:\/\/aguacateymango.es\/en\/wp-json\/wp\/v2\/comments?post=1121"}],"version-history":[{"count":2,"href":"https:\/\/aguacateymango.es\/en\/wp-json\/wp\/v2\/pages\/1121\/revisions"}],"predecessor-version":[{"id":1123,"href":"https:\/\/aguacateymango.es\/en\/wp-json\/wp\/v2\/pages\/1121\/revisions\/1123"}],"wp:attachment":[{"href":"https:\/\/aguacateymango.es\/en\/wp-json\/wp\/v2\/media?parent=1121"}],"curies":[{"name":"wp","href":"https:\/\/api.w.org\/{rel}","templated":true}]}}