{"id":1126,"date":"2023-01-03T10:37:20","date_gmt":"2023-01-03T09:37:20","guid":{"rendered":"https:\/\/aguacateymango.es\/swd\/"},"modified":"2023-12-11T18:38:14","modified_gmt":"2023-12-11T17:38:14","slug":"swd","status":"publish","type":"page","link":"https:\/\/aguacateymango.es\/en\/swd\/","title":{"rendered":"swd"},"content":{"rendered":"<section class=\"l-section wpb_row dblMd swdHd height_auto full_height valign_center width_full color_alternate\" id=\"hdMd\"><div class=\"l-section-h i-cf\"><div class=\"g-cols vc_row via_grid cols_2 laptops-cols_inherit tablets-cols_inherit mobiles-cols_1 valign_top type_default stacking_default\" style=\"grid-gap:0rem;\"><div class=\"wpb_column vc_column_container\"><div class=\"vc_column-inner\"><div class=\"g-cols wpb_row us_custom_c2bd069e via_grid cols_1 laptops-cols_inherit tablets-cols_inherit mobiles-cols_1 valign_middle type_default stacking_default\" style=\"grid-gap:0rem;\"><div class=\"wpb_column vc_column_container\"><div class=\"vc_column-inner\"><div class=\"wpb_text_column\"><div class=\"wpb_wrapper\"><h2 style=\"text-align: left;\">sexual<br \/>\nwellness<br \/>\ndesign<\/h2>\n<\/div><\/div><\/div><\/div><\/div><\/div><\/div><div class=\"wpb_column vc_column_container\"><div class=\"vc_column-inner\"><div class=\"g-cols wpb_row us_custom_ec4f699e via_grid cols_1 laptops-cols_inherit tablets-cols_inherit mobiles-cols_1 valign_middle type_default stacking_default\" style=\"grid-gap:0rem;\"><div class=\"wpb_column vc_column_container us_custom_3c998a0f has_bg_color\"><div class=\"vc_column-inner\"><div class=\"wpb_text_column\" id=\"introTtl\"><div class=\"wpb_wrapper\"><h3><strong>we create<br \/>\nvisual content for<br \/>\nerotic industry<br \/>\nwith a feminine<br \/>\nvision<\/strong><\/h3>\n<\/div><\/div><\/div><\/div><\/div><\/div><\/div><\/div><\/div><\/section><section class=\"l-section wpb_row height_small\" id=\"aboutMd\"><div class=\"l-section-h i-cf\"><div class=\"g-cols vc_row via_grid cols_1 laptops-cols_inherit tablets-cols_inherit mobiles-cols_1 valign_top type_default stacking_default\"><div class=\"wpb_column vc_column_container\"><div class=\"vc_column-inner\"><div class=\"wpb_text_column\"><div class=\"wpb_wrapper\"><h1 style=\"text-align: center;\">about<\/h1>\n<\/div><\/div><div class=\"wpb_text_column\"><div class=\"wpb_wrapper\"><p style=\"text-align: left;\">We have extensive knowledge of the erotic sector. We have been designing digital content for over 10 years exclusively for this industry so we have an extensive know how about b2b and b2c clients needs. We\u00b4ve been into stands for fairs, communication campaigns, advertisement, spots, packaging, shop windows for brands and stores around the world. We know the needs of both professional clients (materials for point of sale, communication kits, window dressing) as well as the communication for end clients.<\/p>\n<p style=\"text-align: left;\">We are proud partners of Gisele Intl a company has a well known of the the market and their propose is to introduce erotic products to european countries and make cool launches to make them success.<\/p>\n<\/div><\/div><\/div><\/div><\/div><\/div><\/section><section class=\"l-section wpb_row height_medium color_alternate\" id=\"clntMd\"><div class=\"l-section-overlay\" style=\"background:#0200E2\"><\/div><div class=\"l-section-h i-cf\"><div class=\"g-cols vc_row via_grid cols_1 laptops-cols_inherit tablets-cols_inherit mobiles-cols_1 valign_top type_default stacking_default\"><div class=\"wpb_column vc_column_container\"><div class=\"vc_column-inner\"><div class=\"wpb_text_column\"><div class=\"wpb_wrapper\"><h1 style=\"text-align: center;\">clients<\/h1>\n<\/div><\/div><div class=\"wpb_text_column\"><div class=\"wpb_wrapper\"><p style=\"text-align: center;\">Uberlube \/ Lora DiCarlo \/ Bijoux Indiscrets\/ Snail Vibe \/<br \/>\nMuseum of Sex Barcelona\/ Museum of sex NY \/ Moulin Rouge<\/p>\n<\/div><\/div><\/div><\/div><\/div><\/div><\/section><section class=\"l-section wpb_row innerMd height_medium width_full\" id=\"pryctsMd\"><div class=\"l-section-h i-cf\"><div class=\"g-cols vc_row via_grid cols_1 laptops-cols_inherit tablets-cols_inherit mobiles-cols_1 valign_top type_default stacking_default\"><div class=\"wpb_column vc_column_container\"><div class=\"vc_column-inner\"><div class=\"wpb_text_column\"><div class=\"wpb_wrapper\"><h1 style=\"text-align: center;\">projects<\/h1>\n<\/div><\/div><div class=\"w-grid type_grid layout_148 valign_center with_filters with_css_animation ratio_16x9\" id=\"us_grid_1\"><style>#us_grid_1 .w-grid-item:not(:last-child){margin-bottom:1.5rem}#us_grid_1 .g-loadmore{margin-top:1.5rem}#us_grid_1 .w-grid-item-h:before{padding-bottom:56.25%}.layout_148 .w-grid-item-h:before{padding-bottom:100%}@media (min-width:600px){.layout_148 .w-grid-item.size_1x2 .w-grid-item-h:before{padding-bottom:calc(200% + 1.5rem + 1.5rem)}.layout_148 .w-grid-item.size_2x1 .w-grid-item-h:before{padding-bottom:calc(50% - 1.5rem * 1)}.layout_148 .w-grid-item.size_2x2 .w-grid-item-h:before{padding-bottom:calc(100% - 1.5rem * 0)}}.layout_148 .w-grid-item-h{}.layout_148 .usg_post_image_1{transition-duration:0.4s;transform-origin:50% 50%;transform:scale(1) translate(0%,0%);opacity:0.25}.layout_148 .w-grid-item-h:hover .usg_post_image_1{transform:scale(1) translate(0%,0%);opacity:1}.layout_148 .usg_vwrapper_1{transition-duration:0.3s;transform-origin:50% 50%;transform:scale(1) translate(0%,0%)}.layout_148 .w-grid-item-h:hover .usg_vwrapper_1{transform:scale(1) translate(0%,0%);opacity:1}.layout_148 .usg_post_title_1{transition-duration:0.3s;transform-origin:50% 50%;transform:scale(1) translate(0%,0%)}.layout_148 .w-grid-item-h:hover .usg_post_title_1{transform:scale(1) translate(0%,-100%);opacity:0}.layout_148 .usg_post_title_1{color:inherit!important}<\/style><div class=\"g-filters style_1 align_center\"><button class=\"g-filters-item active\" data-taxonomy=\"*\"><span>All<\/span><\/button><button class=\"g-filters-item\" data-taxonomy=\"direccion-de-arte-en\" data-amount=\"7\"><span>Art Direction<\/span><span class=\"g-filters-item-amount\">7<\/span><\/button><button class=\"g-filters-item\" data-taxonomy=\"branding-en\" data-amount=\"3\"><span>Branding<\/span><span class=\"g-filters-item-amount\">3<\/span><\/button><button class=\"g-filters-item\" data-taxonomy=\"comunicacion-en\" data-amount=\"10\"><span>Communication<\/span><span class=\"g-filters-item-amount\">10<\/span><\/button><button class=\"g-filters-item\" data-taxonomy=\"contenido-digital-en\" data-amount=\"3\"><span>Digital Content<\/span><span class=\"g-filters-item-amount\">3<\/span><\/button><button class=\"g-filters-item\" data-taxonomy=\"diseno-grafico-en\" data-amount=\"4\"><span>Graphic Design<\/span><span class=\"g-filters-item-amount\">4<\/span><\/button><button class=\"g-filters-item\" data-taxonomy=\"fotografia-en\" data-amount=\"5\"><span>Photography<\/span><span class=\"g-filters-item-amount\">5<\/span><\/button><button class=\"g-filters-item\" data-taxonomy=\"sex-wellness-design-en\" data-amount=\"2\"><span>Sexual Wellness Design<\/span><span class=\"g-filters-item-amount\">2<\/span><\/button><button class=\"g-filters-item\" data-taxonomy=\"video-en\" data-amount=\"1\"><span>Video<\/span><span class=\"g-filters-item-amount\">1<\/span><\/button><\/div><div class=\"w-grid-list\" data-filter_taxonomy_name=\"us_portfolio_category\">\t<article class=\"w-grid-item us_animate_fade size_1x1 post-1117 us_portfolio type-us_portfolio status-publish has-post-thumbnail hentry us_portfolio_category-direccion-de-arte-en us_portfolio_category-comunicacion-en us_portfolio_category-sex-wellness-design-en us_portfolio_tag-swd-en\" data-id=\"1117\">\r\n\t\t<div class=\"w-grid-item-h\">\r\n\t\t\t\t\t\t\t<a class=\"w-grid-item-anchor\" href=\"https:\/\/aguacateymango.es\/en\/portfolio\/uberlube\/\" rel=\"bookmark\" aria-label=\"\u00fcberlube\"><\/a>\r\n\t\t\t\t\t\t<div class=\"w-post-elm post_image usg_post_image_1 stretched\"><img loading=\"lazy\" decoding=\"async\" width=\"1480\" height=\"666\" src=\"https:\/\/aguacateymango.es\/wp-content\/uploads\/2023\/01\/Proyecto-uberlube-Lubricantes.jpg\" class=\"attachment-full size-full wp-post-image\" alt=\"\" srcset=\"https:\/\/aguacateymango.es\/wp-content\/uploads\/2023\/01\/Proyecto-uberlube-Lubricantes.jpg 1480w, https:\/\/aguacateymango.es\/wp-content\/uploads\/2023\/01\/Proyecto-uberlube-Lubricantes-300x135.jpg 300w, https:\/\/aguacateymango.es\/wp-content\/uploads\/2023\/01\/Proyecto-uberlube-Lubricantes-1024x461.jpg 1024w\" sizes=\"auto, (max-width: 1480px) 100vw, 1480px\" \/><\/div><div class=\"w-vwrapper usg_vwrapper_1 align_center valign_middle\"><h1 class=\"w-post-elm post_title usg_post_title_1 has_text_color entry-title color_link_inherit\">\u00fcberlube<\/h1><div class=\"w-post-elm post_content usg_post_content_1\"><p>communication<br \/>\nand rebranding campaign for<br \/>\nthe American lubricant brand.<\/p>\n<\/div><\/div>\t\t<\/div>\r\n\t<\/article>\r\n\t<article class=\"w-grid-item us_animate_fade size_1x1 post-1140 us_portfolio type-us_portfolio status-publish has-post-thumbnail hentry us_portfolio_category-comunicacion-en us_portfolio_category-sex-wellness-design-en us_portfolio_tag-swd-en\" data-id=\"1140\">\r\n\t\t<div class=\"w-grid-item-h\">\r\n\t\t\t\t\t\t\t<a class=\"w-grid-item-anchor\" href=\"https:\/\/aguacateymango.es\/en\/portfolio\/snail-vibe\/\" rel=\"bookmark\" aria-label=\"snail vibe\"><\/a>\r\n\t\t\t\t\t\t<div class=\"w-post-elm post_image usg_post_image_1 stretched\"><img loading=\"lazy\" decoding=\"async\" width=\"1480\" height=\"666\" src=\"https:\/\/aguacateymango.es\/wp-content\/uploads\/2023\/01\/Proyecto-snailVibe.jpg\" class=\"attachment-full size-full wp-post-image\" alt=\"\" srcset=\"https:\/\/aguacateymango.es\/wp-content\/uploads\/2023\/01\/Proyecto-snailVibe.jpg 1480w, https:\/\/aguacateymango.es\/wp-content\/uploads\/2023\/01\/Proyecto-snailVibe-300x135.jpg 300w, https:\/\/aguacateymango.es\/wp-content\/uploads\/2023\/01\/Proyecto-snailVibe-1024x461.jpg 1024w\" sizes=\"auto, (max-width: 1480px) 100vw, 1480px\" \/><\/div><div class=\"w-vwrapper usg_vwrapper_1 align_center valign_middle\"><h1 class=\"w-post-elm post_title usg_post_title_1 has_text_color entry-title color_link_inherit\">snail vibe<\/h1><div class=\"w-post-elm post_content usg_post_content_1\"><p>Re-branding<\/p>\n<\/div><\/div>\t\t<\/div>\r\n\t<\/article>\r\n<\/div><div class=\"w-grid-preloader\"><div class=\"g-preloader type_1\">\r\n\t<div><\/div>\r\n<\/div>\r\n<\/div>\t<div class=\"w-grid-json hidden\" onclick='return {&quot;action&quot;:&quot;us_ajax_grid&quot;,&quot;ajax_url&quot;:&quot;https:\\\/\\\/aguacateymango.es\\\/wp-admin\\\/admin-ajax.php&quot;,&quot;infinite_scroll&quot;:0,&quot;max_num_pages&quot;:1,&quot;pagination&quot;:&quot;none&quot;,&quot;permalink_url&quot;:&quot;https:\\\/\\\/aguacateymango.es\\\/en\\\/wp-json\\\/wp\\\/v2\\\/pages\\\/1126\\\/&quot;,&quot;template_vars&quot;:{&quot;columns&quot;:&quot;1&quot;,&quot;exclude_items&quot;:&quot;none&quot;,&quot;img_size&quot;:&quot;full&quot;,&quot;ignore_items_size&quot;:0,&quot;items_layout&quot;:&quot;148&quot;,&quot;items_offset&quot;:&quot;1&quot;,&quot;load_animation&quot;:&quot;fade&quot;,&quot;overriding_link&quot;:&quot;post&quot;,&quot;post_id&quot;:1126,&quot;query_args&quot;:{&quot;post_type&quot;:[&quot;us_portfolio&quot;],&quot;tax_query&quot;:[{&quot;taxonomy&quot;:&quot;us_portfolio_tag&quot;,&quot;field&quot;:&quot;slug&quot;,&quot;terms&quot;:[&quot;swd&quot;]}],&quot;post_status&quot;:[&quot;publish&quot;],&quot;posts_per_page&quot;:&quot;15&quot;},&quot;orderby_query_args&quot;:{&quot;orderby&quot;:{&quot;date&quot;:&quot;DESC&quot;}},&quot;type&quot;:&quot;grid&quot;,&quot;us_grid_ajax_index&quot;:1,&quot;us_grid_filter_params&quot;:null,&quot;us_grid_index&quot;:1,&quot;_us_grid_post_type&quot;:&quot;us_portfolio&quot;,&quot;lang&quot;:&quot;en&quot;}}'><\/div>\r\n\t<\/div><\/div><\/div><\/div><\/div><\/section><section class=\"l-section wpb_row height_medium color_alternate\" id=\"cntcMd\"><div class=\"l-section-h i-cf\"><div class=\"g-cols vc_row via_grid cols_1 laptops-cols_inherit tablets-cols_inherit mobiles-cols_1 valign_top type_default stacking_default\"><div class=\"wpb_column vc_column_container\"><div class=\"vc_column-inner\"><div class=\"wpb_text_column\"><div class=\"wpb_wrapper\"><h1 style=\"text-align: left;\">Let\u00b4s do it!<\/h1>\n<\/div><\/div>\n<div class=\"wpcf7 no-js\" id=\"wpcf7-f154-o1\" lang=\"es-ES\" dir=\"ltr\" data-wpcf7-id=\"154\">\n<div class=\"screen-reader-response\"><p role=\"status\" aria-live=\"polite\" aria-atomic=\"true\"><\/p> <ul><\/ul><\/div>\n<form action=\"\/en\/wp-json\/wp\/v2\/pages\/1126#wpcf7-f154-o1\" method=\"post\" class=\"wpcf7-form init\" aria-label=\"Formulario de contacto\" novalidate=\"novalidate\" data-status=\"init\">\n<fieldset class=\"hidden-fields-container\"><input type=\"hidden\" name=\"_wpcf7\" value=\"154\" \/><input type=\"hidden\" name=\"_wpcf7_version\" value=\"6.1.5\" \/><input type=\"hidden\" name=\"_wpcf7_locale\" value=\"es_ES\" \/><input type=\"hidden\" name=\"_wpcf7_unit_tag\" value=\"wpcf7-f154-o1\" \/><input type=\"hidden\" name=\"_wpcf7_container_post\" value=\"0\" \/><input type=\"hidden\" name=\"_wpcf7_posted_data_hash\" value=\"\" \/><input type=\"hidden\" name=\"_wpcf7_recaptcha_response\" value=\"\" \/>\n<\/fieldset>\n<div class=\"form\">\n\t<p><span class=\"wpcf7-form-control-wrap\" data-name=\"your-name\"><input size=\"40\" maxlength=\"400\" class=\"wpcf7-form-control wpcf7-text wpcf7-validates-as-required\" aria-required=\"true\" aria-invalid=\"false\" placeholder=\"Name\" value=\"\" type=\"text\" name=\"your-name\" \/><\/span><br \/>\n<span class=\"wpcf7-form-control-wrap\" data-name=\"your-email\"><input size=\"40\" maxlength=\"400\" class=\"wpcf7-form-control wpcf7-email wpcf7-validates-as-required wpcf7-text wpcf7-validates-as-email\" aria-required=\"true\" aria-invalid=\"false\" placeholder=\"Mail\" value=\"\" type=\"email\" name=\"your-email\" \/><\/span><br \/>\n<span class=\"wpcf7-form-control-wrap\" data-name=\"your-tel\"><input size=\"40\" maxlength=\"400\" class=\"wpcf7-form-control wpcf7-tel wpcf7-validates-as-required wpcf7-text wpcf7-validates-as-tel\" aria-required=\"true\" aria-invalid=\"false\" placeholder=\"Telephone\" value=\"\" type=\"tel\" name=\"your-tel\" \/><\/span><br \/>\n<span class=\"wpcf7-form-control-wrap\" data-name=\"your-company\"><input size=\"40\" maxlength=\"400\" class=\"wpcf7-form-control wpcf7-text wpcf7-validates-as-required\" aria-required=\"true\" aria-invalid=\"false\" placeholder=\"Company\" value=\"\" type=\"text\" name=\"your-company\" \/><\/span>\n\t<\/p>\n<\/div>\n<div class=\"select\">\n\t<p>Hi! I would like some help with:\n\t<\/p>\n\t<p><span class=\"wpcf7-form-control-wrap\" data-name=\"your-motivo\"><span class=\"wpcf7-form-control wpcf7-checkbox wpcf7-validates-as-required\"><span class=\"wpcf7-list-item first\"><label><span class=\"wpcf7-list-item-label\">branding<\/span><input type=\"checkbox\" name=\"your-motivo[]\" value=\"branding\" \/><\/label><\/span><span class=\"wpcf7-list-item\"><label><span class=\"wpcf7-list-item-label\">digital content x b2c (photo+video+design)<\/span><input type=\"checkbox\" name=\"your-motivo[]\" value=\"digital content x b2c (photo+video+design)\" \/><\/label><\/span><span class=\"wpcf7-list-item\"><label><span class=\"wpcf7-list-item-label\">product photography<\/span><input type=\"checkbox\" name=\"your-motivo[]\" value=\"product photography\" \/><\/label><\/span><span class=\"wpcf7-list-item\"><label><span class=\"wpcf7-list-item-label\">lifestyle photography<\/span><input type=\"checkbox\" name=\"your-motivo[]\" value=\"lifestyle photography\" \/><\/label><\/span><span class=\"wpcf7-list-item\"><label><span class=\"wpcf7-list-item-label\">spot<\/span><input type=\"checkbox\" name=\"your-motivo[]\" value=\"spot\" \/><\/label><\/span><span class=\"wpcf7-list-item\"><label><span class=\"wpcf7-list-item-label\">video \u201chow does it work\u201d<\/span><input type=\"checkbox\" name=\"your-motivo[]\" value=\"video \u201chow does it work\u201d\" \/><\/label><\/span><span class=\"wpcf7-list-item\"><label><span class=\"wpcf7-list-item-label\">b2b digital content pack<\/span><input type=\"checkbox\" name=\"your-motivo[]\" value=\"b2b digital content pack\" \/><\/label><\/span><span class=\"wpcf7-list-item\"><label><span class=\"wpcf7-list-item-label\">packaging<\/span><input type=\"checkbox\" name=\"your-motivo[]\" value=\"packaging\" \/><\/label><\/span><span class=\"wpcf7-list-item\"><label><span class=\"wpcf7-list-item-label\">tradefair design<\/span><input type=\"checkbox\" name=\"your-motivo[]\" value=\"tradefair design\" \/><\/label><\/span><span class=\"wpcf7-list-item\"><label><span class=\"wpcf7-list-item-label\">catalogues<\/span><input type=\"checkbox\" name=\"your-motivo[]\" value=\"catalogues\" \/><\/label><\/span><span class=\"wpcf7-list-item\"><label><span class=\"wpcf7-list-item-label\">point of sale materials<\/span><input type=\"checkbox\" name=\"your-motivo[]\" value=\"point of sale materials\" \/><\/label><\/span><span class=\"wpcf7-list-item\"><label><span class=\"wpcf7-list-item-label\">window display design<\/span><input type=\"checkbox\" name=\"your-motivo[]\" value=\"window display design\" \/><\/label><\/span><span class=\"wpcf7-list-item last\"><label><span class=\"wpcf7-list-item-label\">corners for shops<\/span><input type=\"checkbox\" name=\"your-motivo[]\" value=\"corners for shops\" \/><\/label><\/span><\/span><\/span>\n\t<\/p>\n<\/div>\n<div class=\"form\">\n\t<p><span class=\"wpcf7-form-control-wrap\" data-name=\"your-presupuesto\"><input size=\"40\" maxlength=\"400\" class=\"wpcf7-form-control wpcf7-text wpcf7-validates-as-required\" aria-required=\"true\" aria-invalid=\"false\" placeholder=\"My current budget is:\" value=\"\" type=\"text\" name=\"your-presupuesto\" \/><\/span>\n\t<\/p>\n<\/div>\n<div class=\"enviar\">\n\t<p><input class=\"wpcf7-form-control wpcf7-submit has-spinner\" type=\"submit\" value=\"Send!\" \/>\n\t<\/p>\n<\/div>\n<p style=\"margin:0; padding:0; line-height: 0; Height:0;\"><span id=\"wpcf7-69ea49f54d30b-wrapper\" class=\"wpcf7-form-control-wrap honeypot-781-wrap\" style=\"display:none !important; visibility:hidden !important;\"><label for=\"hddn-form\" class=\"hp-message\">Por favor, deja este campo vac\u00edo.<\/label><input id=\"hddn-form\"  class=\"wpcf7-form-control wpcf7-text\" type=\"text\" name=\"honeypot-781\" value=\"\" size=\"40\" tabindex=\"-1\" autocomplete=\"new-password\" \/><\/span>\n<\/p><div class=\"wpcf7-response-output\" aria-hidden=\"true\"><\/div>\n<\/form>\n<\/div>\n<\/div><\/div><\/div><\/div><\/section>\n","protected":false},"excerpt":{"rendered":"Close snail vibe Snail Vibe is a brand of products for female pleasure. Its image couldn&#8217;t reach its end customer because they didn&#8217;t understand the concept behind the brand or how its products worked. To achieve this, we created several photo shoots: product shoots for ecommerce, with models and inspirational photos. We redesigned their logo...","protected":false},"author":1,"featured_media":0,"parent":0,"menu_order":0,"comment_status":"closed","ping_status":"closed","template":"","meta":{"footnotes":""},"class_list":["post-1126","page","type-page","status-publish","hentry"],"yoast_head":"<!-- This site is optimized with the Yoast SEO plugin v27.4 - https:\/\/yoast.com\/product\/yoast-seo-wordpress\/ -->\n<title>Dise\u00f1o creativo sexual Wellness<\/title>\n<meta name=\"description\" content=\"Dise\u00f1o creativo sexual Wellness. Somos Aguacate y Mango, l\u00edderes en dise\u00f1o sexual wellness en Barcelona. Dise\u00f1amos experiencias.\" \/>\n<meta name=\"robots\" content=\"index, follow, max-snippet:-1, max-image-preview:large, max-video-preview:-1\" \/>\n<link rel=\"canonical\" href=\"https:\/\/aguacateymango.es\/en\/swd\/\" \/>\n<meta property=\"og:locale\" content=\"en_US\" \/>\n<meta property=\"og:type\" content=\"article\" \/>\n<meta property=\"og:title\" content=\"Dise\u00f1o creativo sexual Wellness\" \/>\n<meta property=\"og:description\" content=\"Dise\u00f1o creativo sexual Wellness. Somos Aguacate y Mango, l\u00edderes en dise\u00f1o sexual wellness en Barcelona. Dise\u00f1amos experiencias.\" \/>\n<meta property=\"og:url\" content=\"https:\/\/aguacateymango.es\/en\/swd\/\" \/>\n<meta property=\"og:site_name\" content=\"aguacate y mango\" \/>\n<meta property=\"article:modified_time\" content=\"2023-12-11T17:38:14+00:00\" \/>\n<meta name=\"twitter:card\" content=\"summary_large_image\" \/>\n<meta name=\"twitter:label1\" content=\"Est. reading time\" \/>\n\t<meta name=\"twitter:data1\" content=\"2 minutes\" \/>\n<script type=\"application\/ld+json\" class=\"yoast-schema-graph\">{\"@context\":\"https:\\\/\\\/schema.org\",\"@graph\":[{\"@type\":\"WebPage\",\"@id\":\"https:\\\/\\\/aguacateymango.es\\\/en\\\/swd\\\/\",\"url\":\"https:\\\/\\\/aguacateymango.es\\\/en\\\/swd\\\/\",\"name\":\"Dise\u00f1o creativo sexual Wellness\",\"isPartOf\":{\"@id\":\"https:\\\/\\\/aguacateymango.es\\\/#website\"},\"datePublished\":\"2023-01-03T09:37:20+00:00\",\"dateModified\":\"2023-12-11T17:38:14+00:00\",\"description\":\"Dise\u00f1o creativo sexual Wellness. Somos Aguacate y Mango, l\u00edderes en dise\u00f1o sexual wellness en Barcelona. Dise\u00f1amos experiencias.\",\"breadcrumb\":{\"@id\":\"https:\\\/\\\/aguacateymango.es\\\/en\\\/swd\\\/#breadcrumb\"},\"inLanguage\":\"en-US\",\"potentialAction\":[{\"@type\":\"ReadAction\",\"target\":[\"https:\\\/\\\/aguacateymango.es\\\/en\\\/swd\\\/\"]}]},{\"@type\":\"BreadcrumbList\",\"@id\":\"https:\\\/\\\/aguacateymango.es\\\/en\\\/swd\\\/#breadcrumb\",\"itemListElement\":[{\"@type\":\"ListItem\",\"position\":1,\"name\":\"Portada\",\"item\":\"https:\\\/\\\/aguacateymango.es\\\/en\\\/\"},{\"@type\":\"ListItem\",\"position\":2,\"name\":\"swd\"}]},{\"@type\":\"WebSite\",\"@id\":\"https:\\\/\\\/aguacateymango.es\\\/#website\",\"url\":\"https:\\\/\\\/aguacateymango.es\\\/\",\"name\":\"aguacate y mango\",\"description\":\"\",\"potentialAction\":[{\"@type\":\"SearchAction\",\"target\":{\"@type\":\"EntryPoint\",\"urlTemplate\":\"https:\\\/\\\/aguacateymango.es\\\/?s={search_term_string}\"},\"query-input\":{\"@type\":\"PropertyValueSpecification\",\"valueRequired\":true,\"valueName\":\"search_term_string\"}}],\"inLanguage\":\"en-US\"}]}<\/script>\n<!-- \/ Yoast SEO plugin. -->","yoast_head_json":{"title":"Dise\u00f1o creativo sexual Wellness","description":"Dise\u00f1o creativo sexual Wellness. Somos Aguacate y Mango, l\u00edderes en dise\u00f1o sexual wellness en Barcelona. Dise\u00f1amos experiencias.","robots":{"index":"index","follow":"follow","max-snippet":"max-snippet:-1","max-image-preview":"max-image-preview:large","max-video-preview":"max-video-preview:-1"},"canonical":"https:\/\/aguacateymango.es\/en\/swd\/","og_locale":"en_US","og_type":"article","og_title":"Dise\u00f1o creativo sexual Wellness","og_description":"Dise\u00f1o creativo sexual Wellness. Somos Aguacate y Mango, l\u00edderes en dise\u00f1o sexual wellness en Barcelona. Dise\u00f1amos experiencias.","og_url":"https:\/\/aguacateymango.es\/en\/swd\/","og_site_name":"aguacate y mango","article_modified_time":"2023-12-11T17:38:14+00:00","twitter_card":"summary_large_image","twitter_misc":{"Est. reading time":"2 minutes"},"schema":{"@context":"https:\/\/schema.org","@graph":[{"@type":"WebPage","@id":"https:\/\/aguacateymango.es\/en\/swd\/","url":"https:\/\/aguacateymango.es\/en\/swd\/","name":"Dise\u00f1o creativo sexual Wellness","isPartOf":{"@id":"https:\/\/aguacateymango.es\/#website"},"datePublished":"2023-01-03T09:37:20+00:00","dateModified":"2023-12-11T17:38:14+00:00","description":"Dise\u00f1o creativo sexual Wellness. Somos Aguacate y Mango, l\u00edderes en dise\u00f1o sexual wellness en Barcelona. Dise\u00f1amos experiencias.","breadcrumb":{"@id":"https:\/\/aguacateymango.es\/en\/swd\/#breadcrumb"},"inLanguage":"en-US","potentialAction":[{"@type":"ReadAction","target":["https:\/\/aguacateymango.es\/en\/swd\/"]}]},{"@type":"BreadcrumbList","@id":"https:\/\/aguacateymango.es\/en\/swd\/#breadcrumb","itemListElement":[{"@type":"ListItem","position":1,"name":"Portada","item":"https:\/\/aguacateymango.es\/en\/"},{"@type":"ListItem","position":2,"name":"swd"}]},{"@type":"WebSite","@id":"https:\/\/aguacateymango.es\/#website","url":"https:\/\/aguacateymango.es\/","name":"aguacate y mango","description":"","potentialAction":[{"@type":"SearchAction","target":{"@type":"EntryPoint","urlTemplate":"https:\/\/aguacateymango.es\/?s={search_term_string}"},"query-input":{"@type":"PropertyValueSpecification","valueRequired":true,"valueName":"search_term_string"}}],"inLanguage":"en-US"}]}},"_links":{"self":[{"href":"https:\/\/aguacateymango.es\/en\/wp-json\/wp\/v2\/pages\/1126","targetHints":{"allow":["GET"]}}],"collection":[{"href":"https:\/\/aguacateymango.es\/en\/wp-json\/wp\/v2\/pages"}],"about":[{"href":"https:\/\/aguacateymango.es\/en\/wp-json\/wp\/v2\/types\/page"}],"author":[{"embeddable":true,"href":"https:\/\/aguacateymango.es\/en\/wp-json\/wp\/v2\/users\/1"}],"replies":[{"embeddable":true,"href":"https:\/\/aguacateymango.es\/en\/wp-json\/wp\/v2\/comments?post=1126"}],"version-history":[{"count":1,"href":"https:\/\/aguacateymango.es\/en\/wp-json\/wp\/v2\/pages\/1126\/revisions"}],"predecessor-version":[{"id":1127,"href":"https:\/\/aguacateymango.es\/en\/wp-json\/wp\/v2\/pages\/1126\/revisions\/1127"}],"wp:attachment":[{"href":"https:\/\/aguacateymango.es\/en\/wp-json\/wp\/v2\/media?parent=1126"}],"curies":[{"name":"wp","href":"https:\/\/api.w.org\/{rel}","templated":true}]}}